{"id":757,"date":"2017-01-17T10:27:47","date_gmt":"2017-01-17T09:27:47","guid":{"rendered":"http:\/\/www.lidiawojcik.pl\/?page_id=757"},"modified":"2021-08-26T14:08:44","modified_gmt":"2021-08-26T12:08:44","slug":"blocks-style-12","status":"publish","type":"page","link":"https:\/\/www.lidiawojcik.pl\/?page_id=757","title":{"rendered":"O mnie"},"content":{"rendered":"<h4 style=\"text-align: center;\">O MNIE<\/h4>\n<p><img decoding=\"async\" class=\"img-responsive img-center\" src=\"\/\/www.lidiawojcik.pl\/wp-content\/uploads\/2018\/04\/IMG_5556.jpg\" alt=\"\" \/><\/p>\n<p class=\"margin-top20 font-hind\">\n<h4 style=\"text-align: center;\">KIM JESTEM<\/h4>\n<p>Jestem certyfikowanym coachem, trenerem zmiany, trenerem biznesu. \u00a0Specjalizuj\u0119 si\u0119 w niestandardowym, ale niezwykle skutecznym podej\u015bciu do pracy z cz\u0142owiekiem. Pracuj\u0119 zar\u00f3wno z grupami jak i indywidualnie. \u00a0W swojej pracy wykorzystuje wiele wyj\u0105tkowych, autorskich metod i \u0142\u0105cz\u0119 je w najlepszy dla danego klienta spos\u00f3b. Mobilizuje do wielu zmian oraz wspieram proces uwalniania blokuj\u0105cych przekona\u0144.<\/p>\n<h4 style=\"text-align: center;\">MOJA HISTORIA<\/h4>\n<p>Odk\u0105d pami\u0119tam, pasjonowa\u0142 mnie cz\u0142owiek jako jednostka posiadaj\u0105ca niezwyk\u0142\u0105 moc,\u00a0jego rozw\u00f3j osobisty i duchowy. Od zawsze poch\u0142ania\u0142am ksi\u0105\u017cki o relacjach, psychologii, pod\u015bwiadomo\u015bci. \u00a0Studiowa\u0142am, wyje\u017cd\u017ca\u0142am na warsztaty, ch\u0142on\u0119\u0142am wszystko zach\u0142annie g\u0142odna \u017cycia i wiedzy. By\u0142am ambitna, waleczna, bieg\u0142am przez \u017cycie z sukcesami zawodowymi, zarabia\u0142am niez\u0142e pieni\u0105dze\u2026Wierzy\u0142am w idea\u0142y, by\u0142am wymagaj\u0105ca wobec siebie i innych. \u017by\u0142am standardami, kt\u00f3rych nauczy\u0142am si\u0119 jako ma\u0142a dziewczynka, p\u00f3\u017aniej nastolatka, kobieta, partnerka\u2026By\u0142am w tym wszystkim, a przynajmniej stara\u0142am si\u0119 by\u0107 doskona\u0142a i perfekcyjna. By\u0142am wsz\u0119dzie i dla wszystkich. Pe\u0142na charyzmy i niezwyk\u0142ego optymizmu. Nie sz\u0142am, a bieg\u0142am szale\u0144czo przez \u017cycie z wewn\u0119trznym przekonaniem, i\u017c tak w\u0142a\u015bnie wygl\u0105da udane \u017cycie.\u00a0Niestety przyszed\u0142 moment, kiedy ten bieg nagle pozbawi\u0142 mnie witalno\u015bci. Okaza\u0142o si\u0119, \u017ce nie mam si\u0142y dalej biec &#8211; potkn\u0119\u0142am si\u0119 i upad\u0142am. Wszystko zbieg\u0142o si\u0119 w jednym czasie przygniataj\u0105c chorob\u0105 i apati\u0105, kt\u00f3re zabra\u0142y ch\u0119ci do aktywnego funkcjonowania.<\/p>\n<p><img decoding=\"async\" class=\"img-responsive img-center\" src=\"\/\/www.lidiawojcik.pl\/wp-content\/uploads\/2018\/04\/abc.jpg\" alt=\"\" \/><\/p>\n<h4 style=\"text-align: center;\">DROGA DO SIEBIE<\/h4>\n<p><img decoding=\"async\" class=\"img-responsive img-center\" src=\"\/\/www.lidiawojcik.pl\/wp-content\/uploads\/2018\/04\/IMG_5381.jpg\" alt=\"\" \/><\/p>\n<p>I w\u0142a\u015bnie wtedy zacz\u0119\u0142a si\u0119 nowa historia mojego \u017cycia. W\u0142a\u015bnie wtedy u\u015bwiadomi\u0142am sobie, \u017ce mia\u0142am wiele na zewn\u0105trz, ale wewn\u0105trz go\u015bci\u0142a pustka, kt\u00f3r\u0105 zasypywa\u0142am zewn\u0119trznymi pobudkami. To by\u0142 pierwszy krok do lepszego, bardziej \u015bwiadomego \u017cycia. Uczy\u0142am si\u0119 dzie\u0144 po dniu nie biec, a spacerowa\u0107. Uczy\u0142am si\u0119 dostrzega\u0107 to, co w szale\u0144czym biegu mnie omin\u0119\u0142o. Rozpocz\u0119\u0142am prawdziw\u0105 przyja\u017a\u0144 z sam\u0105 sob\u0105, co otworzy\u0142o mi drog\u0119 do prawdziwego rozwoju osobistego i duchowego. Zacz\u0119\u0142am uczy\u0107 si\u0119 jak i\u015b\u0107 przez \u017cycie i by\u0107 woln\u0105\u2026 Od wszystkiego co w znacz\u0105cy spos\u00f3b mnie do tej pory ogranicza\u0142o. Dzi\u0119ki temu zacz\u0119\u0142am s\u0142ucha\u0107 siebie i dba\u0107 o swoje talenty. Zostawi\u0142am wszystko to co mi nie s\u0142u\u017cy\u0142o. Co najwa\u017cniejsze &#8211; mog\u0119 dzi\u015b skutecznie pomaga\u0107 ludziom, a to zawsze by\u0142o moim marzeniem i najwi\u0119ksz\u0105 \u017cyciow\u0105 pasj\u0105. Jestem przekonana, \u017ce przede wszystkim w\u0142asne, prawdziwe do\u015bwiadczenia, w po\u0142\u0105czeniu z nabyt\u0105 wiedz\u0105, s\u0105 fundamentem do tego, by pom\u00f3c komu\u015b innemu.<\/p>\n<h4 style=\"text-align: center;\">PRZYGOTOWANIE MERYTORYCZNE<\/h4>\n<p><strong>Collegium Civitas\u00a0<\/strong><\/p>\n<p>Life Coaching-\u00a0studia zgodne ze \u015bwiatowymi standardami International Coach Federation<\/p>\n<p>Praca w coachingu z wykorzystaniem narz\u0119dzi w wspieraniu ludzi w najwa\u017cniejszych obszarach ich \u017cycia: rodziny, zwi\u0105zk\u00f3w, zdrowia, r\u00f3wnowagi \u017cyciowej. Uzyskane specjalizacje:\u00a0coaching zmiany,\u00a0coaching rodzicielski (parent coaching),\u00a0coaching\u00a0oddechu,\u00a0coachingu zwi\u0105zk\u00f3w, relacji i par,\u00a0zen coaching,\u00a0coaching mi\u0119dzykulturowy.<\/p>\n<p><strong>Novo Pracownia Coachingu\u00a0<\/strong><\/p>\n<p>Coaching grupowy i zespo\u0142owy. Kompleksowy program rozwojowy, przygotowuj\u0105cy \u00a0do pracy coachingowej z grupami i zespo\u0142ami.\u00a0Wsparcie w procesie, praca z zespo\u0142ami w kryzysie.<\/p>\n<p><strong>Studium Trenera Novo<\/strong><\/p>\n<p>Trener biznesu oraz trener zmiany.\u00a0Rozwijanie \u00a0kompetencji trenerskich.\u00a0Projektowanie proces\u00f3w wspierania w zmianie.<\/p>\n<p><strong>Uniwersytet Szczeci\u0144ski\u00a0<\/strong><\/p>\n<p>Zarz\u0105dzanie przedsi\u0119biorstwem- nowe \u00a0i efektywne sposoby zarz\u0105dzania przedsi\u0119biorstwem.\u00a0Uprawnienia do doradzania kierownikom \u015bredniego i wy\u017cszego szczebla w du\u017cych organizacjach.<\/p>\n<div class=\"page\" title=\"Page 3\">\n<div class=\"section\">\n<div class=\"layoutArea\">\n<div class=\"column\">\n<p><strong>Kursy:\u00a0<\/strong><\/p>\n<ul>\n<li>Anthony Robbins \u201cThe Way Ahead\u201d<\/li>\n<li>Jordan Belfort \u2013jak efektywnie sprzedawa\u0107<\/li>\n<li>Prowadzenie Rozm\u00f3w Oceniaj\u0105cych &#8211; Human Factor<\/li>\n<li>Harvard Business Review: Strategia konkurencyjna a innowacja. Skuteczne negocjacje<\/li>\n<li>Standardy obs\u0142ugi klienta.<\/li>\n<li>Zasady Wsp\u00f3\u0142pracy z Klientem Kluczowym.<\/li>\n<li>Negocjacje w Biznesie.<\/li>\n<li>Efektywne zarz\u0105dzanie zespo\u0142em.<\/li>\n<li>Profesjonalne metody sprzeda\u017cy.<\/li>\n<li>Umiej\u0119tno\u015b\u0107 prowadzenia prezentacji.<\/li>\n<li>Zarz\u0105dzanie stresem.<\/li>\n<li>Efektywne spotkania.<\/li>\n<li>Kurs Medytacji I Mindfulness.<\/li>\n<\/ul>\n<\/div>\n<\/div>\n<\/div>\n<\/div>\n<p><!-- 997ae98a5d7c9c03d840bceddafcc04b --><\/p>\n","protected":false},"excerpt":{"rendered":"<p>O MNIE KIM JESTEM Jestem certyfikowanym coachem, trenerem zmiany, trenerem biznesu. \u00a0Specjalizuj\u0119 si\u0119 w niestandardowym, ale niezwykle skutecznym podej\u015bciu do pracy z cz\u0142owiekiem. Pracuj\u0119 zar\u00f3wno z grupami jak i indywidualnie. \u00a0W swojej pracy wykorzystuje wiele wyj\u0105tkowych, autorskich metod i \u0142\u0105cz\u0119 je w najlepszy dla danego klienta spos\u00f3b. Mobilizuje do wielu zmian oraz wspieram proces uwalniania&hellip;&nbsp;<a href=\"https:\/\/www.lidiawojcik.pl\/?page_id=757\" class=\"\" rel=\"bookmark\">Czytaj dalej &raquo;<span class=\"screen-reader-text\">O mnie<\/span><\/a><\/p>\n","protected":false},"author":1,"featured_media":0,"parent":0,"menu_order":0,"comment_status":"closed","ping_status":"closed","template":"template\/template-builder.php","meta":{"neve_meta_sidebar":"","neve_meta_container":"","neve_meta_enable_content_width":"","neve_meta_content_width":0,"neve_meta_title_alignment":"","neve_meta_author_avatar":"","neve_post_elements_order":"","neve_meta_disable_header":"","neve_meta_disable_footer":"","neve_meta_disable_title":"","footnotes":""},"class_list":["post-757","page","type-page","status-publish","hentry"],"_links":{"self":[{"href":"https:\/\/www.lidiawojcik.pl\/index.php?rest_route=\/wp\/v2\/pages\/757","targetHints":{"allow":["GET"]}}],"collection":[{"href":"https:\/\/www.lidiawojcik.pl\/index.php?rest_route=\/wp\/v2\/pages"}],"about":[{"href":"https:\/\/www.lidiawojcik.pl\/index.php?rest_route=\/wp\/v2\/types\/page"}],"author":[{"embeddable":true,"href":"https:\/\/www.lidiawojcik.pl\/index.php?rest_route=\/wp\/v2\/users\/1"}],"replies":[{"embeddable":true,"href":"https:\/\/www.lidiawojcik.pl\/index.php?rest_route=%2Fwp%2Fv2%2Fcomments&post=757"}],"version-history":[{"count":54,"href":"https:\/\/www.lidiawojcik.pl\/index.php?rest_route=\/wp\/v2\/pages\/757\/revisions"}],"predecessor-version":[{"id":2330,"href":"https:\/\/www.lidiawojcik.pl\/index.php?rest_route=\/wp\/v2\/pages\/757\/revisions\/2330"}],"wp:attachment":[{"href":"https:\/\/www.lidiawojcik.pl\/index.php?rest_route=%2Fwp%2Fv2%2Fmedia&parent=757"}],"curies":[{"name":"wp","href":"https:\/\/api.w.org\/{rel}","templated":true}]}}