{"id":921,"date":"2017-01-18T06:57:57","date_gmt":"2017-01-18T06:57:57","guid":{"rendered":"http:\/\/www.lidiawojcik.pl\/?page_id=921"},"modified":"2019-02-04T23:27:43","modified_gmt":"2019-02-04T22:27:43","slug":"portfolio-style-4","status":"publish","type":"page","link":"https:\/\/www.lidiawojcik.pl\/?page_id=921","title":{"rendered":"Portfolio Style 4"},"content":{"rendered":"<section class=\"fw-main-row \"  >\n\t<div class=\"fw-container\">\n\t\t<div class=\"fw-row\">\n\t<div class=\"fw-col-xs-12\">\n\t<\/div>\n<\/div>\n\n<div class=\"fw-row\">\n\t<div class=\"fw-col-xs-12 fw-col-sm-6\">\n\t<p style=\"text-align: center;\">UCZYMY KOBIETY JAK PORADZI\u0106 SOBIE Z EMOCJONALN\u0104 STRON\u0104 HASHIMOTO I INNYMI CHOROBAMI TARCZYCY<\/p>[modular_image image=&#8221;{&quot;attachment_id&quot;:&quot;2262&quot;,&quot;url&quot;:&quot;&#92;\/&#92;\/www.lidiawojcik.pl&#92;\/wp-content&#92;\/uploads&#92;\/2019&#92;\/02&#92;\/1.jpg&quot;}&#8221; image_shadow=&#8221;{&quot;shadow&quot;:&quot;no&quot;,&quot;yes&quot;:{&quot;shadow_postion&quot;:&quot;left&quot;,&quot;color&quot;:&quot;#cccccc&quot;}}&#8221; _array_keys=&#8221;{&quot;image&quot;:&quot;image&quot;,&quot;image_shadow&quot;:&quot;image_shadow&quot;}&#8221; _made_with_builder=&#8221;true&#8221;][\/modular_image]<a href=\"#\" target=\"_self\" class=\"fw-btn fw-btn-1 \">\n\t<span>Submit<\/span>\n<\/a><\/div>\n<div class=\"fw-col-xs-12 fw-col-sm-6\">\n\t<p class=\"sow-sub-headline\" style=\"text-align: center;\">PRZEPROWADZAMY DIAGNOZY ZESPO\u0141\u00d3W. WYPROWADZAMY JE Z DYSFUNKCJI I ODKRYWAMY SI\u0141\u0118 TWOJEGO ZESPO\u0141U.<\/p>[modular_image image=&#8221;{&quot;attachment_id&quot;:&quot;2263&quot;,&quot;url&quot;:&quot;&#92;\/&#92;\/www.lidiawojcik.pl&#92;\/wp-content&#92;\/uploads&#92;\/2019&#92;\/02&#92;\/2.jpg&quot;}&#8221; image_shadow=&#8221;{&quot;shadow&quot;:&quot;no&quot;,&quot;yes&quot;:{&quot;shadow_postion&quot;:&quot;left&quot;,&quot;color&quot;:&quot;#cccccc&quot;}}&#8221; _array_keys=&#8221;{&quot;image&quot;:&quot;image&quot;,&quot;image_shadow&quot;:&quot;image_shadow&quot;}&#8221; _made_with_builder=&#8221;true&#8221;][\/modular_image]<a href=\"#\" target=\"_self\" class=\"fw-btn fw-btn-1 \">\n\t<span>Submit<\/span>\n<\/a><\/div>\n<\/div>\n\n\t<\/div>\n<\/section>\n\n","protected":false},"excerpt":{"rendered":"<p>UCZYMY KOBIETY JAK PORADZI\u0106 SOBIE Z EMOCJONALN\u0104 STRON\u0104 HASHIMOTO I INNYMI CHOROBAMI TARCZYCY[modular_image image=&#8221;{&quot;attachment_id&quot;:&quot;2262&quot;,&quot;url&quot;:&quot;&#92;\/&#92;\/www.lidiawojcik.pl&#92;\/wp-content&#92;\/uploads&#92;\/2019&#92;\/02&#92;\/1.jpg&quot;}&#8221; image_shadow=&#8221;{&quot;shadow&quot;:&quot;no&quot;,&quot;yes&quot;:{&quot;shadow_postion&quot;:&quot;left&quot;,&quot;color&quot;:&quot;#cccccc&quot;}}&#8221; _array_keys=&#8221;{&quot;image&quot;:&quot;image&quot;,&quot;image_shadow&quot;:&quot;image_shadow&quot;}&#8221; _made_with_builder=&#8221;true&#8221;][\/modular_image] Submit PRZEPROWADZAMY DIAGNOZY ZESPO\u0141\u00d3W. WYPROWADZAMY JE Z DYSFUNKCJI I ODKRYWAMY SI\u0141\u0118 TWOJEGO ZESPO\u0141U.[modular_image image=&#8221;{&quot;attachment_id&quot;:&quot;2263&quot;,&quot;url&quot;:&quot;&#92;\/&#92;\/www.lidiawojcik.pl&#92;\/wp-content&#92;\/uploads&#92;\/2019&#92;\/02&#92;\/2.jpg&quot;}&#8221; image_shadow=&#8221;{&quot;shadow&quot;:&quot;no&quot;,&quot;yes&quot;:{&quot;shadow_postion&quot;:&quot;left&quot;,&quot;color&quot;:&quot;#cccccc&quot;}}&#8221; _array_keys=&#8221;{&quot;image&quot;:&quot;image&quot;,&quot;image_shadow&quot;:&quot;image_shadow&quot;}&#8221; _made_with_builder=&#8221;true&#8221;][\/modular_image] Submit<\/p>\n","protected":false},"author":1,"featured_media":0,"parent":0,"menu_order":0,"comment_status":"closed","ping_status":"closed","template":"template\/template-full-width.php","meta":{"neve_meta_sidebar":"","neve_meta_container":"","neve_meta_enable_content_width":"","neve_meta_content_width":0,"neve_meta_title_alignment":"","neve_meta_author_avatar":"","neve_post_elements_order":"","neve_meta_disable_header":"","neve_meta_disable_footer":"","neve_meta_disable_title":"","footnotes":""},"class_list":["post-921","page","type-page","status-publish","hentry"],"_links":{"self":[{"href":"https:\/\/www.lidiawojcik.pl\/index.php?rest_route=\/wp\/v2\/pages\/921","targetHints":{"allow":["GET"]}}],"collection":[{"href":"https:\/\/www.lidiawojcik.pl\/index.php?rest_route=\/wp\/v2\/pages"}],"about":[{"href":"https:\/\/www.lidiawojcik.pl\/index.php?rest_route=\/wp\/v2\/types\/page"}],"author":[{"embeddable":true,"href":"https:\/\/www.lidiawojcik.pl\/index.php?rest_route=\/wp\/v2\/users\/1"}],"replies":[{"embeddable":true,"href":"https:\/\/www.lidiawojcik.pl\/index.php?rest_route=%2Fwp%2Fv2%2Fcomments&post=921"}],"version-history":[{"count":24,"href":"https:\/\/www.lidiawojcik.pl\/index.php?rest_route=\/wp\/v2\/pages\/921\/revisions"}],"predecessor-version":[{"id":2308,"href":"https:\/\/www.lidiawojcik.pl\/index.php?rest_route=\/wp\/v2\/pages\/921\/revisions\/2308"}],"wp:attachment":[{"href":"https:\/\/www.lidiawojcik.pl\/index.php?rest_route=%2Fwp%2Fv2%2Fmedia&parent=921"}],"curies":[{"name":"wp","href":"https:\/\/api.w.org\/{rel}","templated":true}]}}